{"id":6,"date":"2019-01-23T06:28:49","date_gmt":"2019-01-23T06:28:49","guid":{"rendered":"http:\/\/maiak.cz\/cart\/"},"modified":"2021-02-17T21:19:58","modified_gmt":"2021-02-17T20:19:58","slug":"cart","status":"publish","type":"page","link":"https:\/\/maiak.cz\/en\/cart\/","title":{"rendered":"Shopping cart"},"content":{"rendered":"","protected":false},"excerpt":{"rendered":"","protected":false},"author":1,"featured_media":0,"parent":0,"menu_order":0,"comment_status":"closed","ping_status":"open","template":"","meta":{"site-sidebar-layout":"default","site-content-layout":"default","ast-global-header-display":"","ast-main-header-display":"","ast-hfb-above-header-display":"","ast-hfb-below-header-display":"","ast-hfb-mobile-header-display":"","site-post-title":"","ast-breadcrumbs-content":"","ast-featured-img":"","footer-sml-layout":"","theme-transparent-header-meta":"default","adv-header-id-meta":"","stick-header-meta":"","header-above-stick-meta":"","header-main-stick-meta":"","header-below-stick-meta":"","footnotes":""},"class_list":["post-6","page","type-page","status-publish","hentry"],"yoast_head":"<!-- This site is optimized with the Yoast SEO plugin v25.7 - https:\/\/yoast.com\/wordpress\/plugins\/seo\/ -->\n<title>N\u00e1kupn\u00ed ko\u0161\u00edk - MAiAK<\/title>\n<meta name=\"description\" content=\"[woocommerce_cart]\" \/>\n<meta name=\"robots\" content=\"index, follow, max-snippet:-1, max-image-preview:large, max-video-preview:-1\" \/>\n<link rel=\"canonical\" href=\"https:\/\/maiak.cz\/en\/cart\/\" \/>\n<meta property=\"og:locale\" content=\"en_GB\" \/>\n<meta property=\"og:type\" content=\"article\" \/>\n<meta property=\"og:title\" content=\"N\u00e1kupn\u00ed ko\u0161\u00edk - MAiAK\" \/>\n<meta property=\"og:url\" content=\"https:\/\/maiak.cz\/en\/cart\/\" \/>\n<meta property=\"og:site_name\" content=\"MAiAK\" \/>\n<meta property=\"article:modified_time\" content=\"2021-02-17T20:19:58+00:00\" \/>\n<meta name=\"twitter:card\" content=\"summary_large_image\" \/>\n<script type=\"application\/ld+json\" class=\"yoast-schema-graph\">{\"@context\":\"https:\/\/schema.org\",\"@graph\":[{\"@type\":\"WebPage\",\"@id\":\"https:\/\/maiak.cz\/cz\/cart\/\",\"url\":\"https:\/\/maiak.cz\/cz\/cart\/\",\"name\":\"N\u00e1kupn\u00ed ko\u0161\u00edk - MAiAK\",\"isPartOf\":{\"@id\":\"https:\/\/maiak.cz\/cz\/#website\"},\"datePublished\":\"2019-01-23T06:28:49+00:00\",\"dateModified\":\"2021-02-17T20:19:58+00:00\",\"breadcrumb\":{\"@id\":\"https:\/\/maiak.cz\/cz\/cart\/#breadcrumb\"},\"inLanguage\":\"en-GB\",\"potentialAction\":[{\"@type\":\"ReadAction\",\"target\":[\"https:\/\/maiak.cz\/cz\/cart\/\"]}]},{\"@type\":\"BreadcrumbList\",\"@id\":\"https:\/\/maiak.cz\/cz\/cart\/#breadcrumb\",\"itemListElement\":[{\"@type\":\"ListItem\",\"position\":1,\"name\":\"Home\",\"item\":\"https:\/\/maiak.cz\/cz\/\"},{\"@type\":\"ListItem\",\"position\":2,\"name\":\"N\u00e1kupn\u00ed ko\u0161\u00edk\"}]},{\"@type\":\"WebSite\",\"@id\":\"https:\/\/maiak.cz\/cz\/#website\",\"url\":\"https:\/\/maiak.cz\/cz\/\",\"name\":\"MAiAK\",\"description\":\"Maiak je tahov\u00e1 hra pro 2 hr\u00e1\u010de s prom\u011bnliv\u00fdm hern\u00edm pl\u00e1nem.\",\"publisher\":{\"@id\":\"https:\/\/maiak.cz\/cz\/#organization\"},\"potentialAction\":[{\"@type\":\"SearchAction\",\"target\":{\"@type\":\"EntryPoint\",\"urlTemplate\":\"https:\/\/maiak.cz\/cz\/?s={search_term_string}\"},\"query-input\":{\"@type\":\"PropertyValueSpecification\",\"valueRequired\":true,\"valueName\":\"search_term_string\"}}],\"inLanguage\":\"en-GB\"},{\"@type\":\"Organization\",\"@id\":\"https:\/\/maiak.cz\/cz\/#organization\",\"name\":\"MAiAK\",\"url\":\"https:\/\/maiak.cz\/cz\/\",\"logo\":{\"@type\":\"ImageObject\",\"inLanguage\":\"en-GB\",\"@id\":\"https:\/\/maiak.cz\/cz\/#\/schema\/logo\/image\/\",\"url\":\"https:\/\/maiak.cz\/wp-content\/uploads\/2019\/04\/LOGO-web-HNEDE.png\",\"contentUrl\":\"https:\/\/maiak.cz\/wp-content\/uploads\/2019\/04\/LOGO-web-HNEDE.png\",\"width\":820,\"height\":362,\"caption\":\"MAiAK\"},\"image\":{\"@id\":\"https:\/\/maiak.cz\/cz\/#\/schema\/logo\/image\/\"}}]}<\/script>\n<!-- \/ Yoast SEO plugin. -->","yoast_head_json":{"title":"N\u00e1kupn\u00ed ko\u0161\u00edk - MAiAK","description":"[woocommerce_cart]","robots":{"index":"index","follow":"follow","max-snippet":"max-snippet:-1","max-image-preview":"max-image-preview:large","max-video-preview":"max-video-preview:-1"},"canonical":"https:\/\/maiak.cz\/en\/cart\/","og_locale":"en_GB","og_type":"article","og_title":"N\u00e1kupn\u00ed ko\u0161\u00edk - MAiAK","og_url":"https:\/\/maiak.cz\/en\/cart\/","og_site_name":"MAiAK","article_modified_time":"2021-02-17T20:19:58+00:00","twitter_card":"summary_large_image","schema":{"@context":"https:\/\/schema.org","@graph":[{"@type":"WebPage","@id":"https:\/\/maiak.cz\/cz\/cart\/","url":"https:\/\/maiak.cz\/cz\/cart\/","name":"N\u00e1kupn\u00ed ko\u0161\u00edk - MAiAK","isPartOf":{"@id":"https:\/\/maiak.cz\/cz\/#website"},"datePublished":"2019-01-23T06:28:49+00:00","dateModified":"2021-02-17T20:19:58+00:00","breadcrumb":{"@id":"https:\/\/maiak.cz\/cz\/cart\/#breadcrumb"},"inLanguage":"en-GB","potentialAction":[{"@type":"ReadAction","target":["https:\/\/maiak.cz\/cz\/cart\/"]}]},{"@type":"BreadcrumbList","@id":"https:\/\/maiak.cz\/cz\/cart\/#breadcrumb","itemListElement":[{"@type":"ListItem","position":1,"name":"Home","item":"https:\/\/maiak.cz\/cz\/"},{"@type":"ListItem","position":2,"name":"N\u00e1kupn\u00ed ko\u0161\u00edk"}]},{"@type":"WebSite","@id":"https:\/\/maiak.cz\/cz\/#website","url":"https:\/\/maiak.cz\/cz\/","name":"MAiAK","description":"Maiak je tahov\u00e1 hra pro 2 hr\u00e1\u010de s prom\u011bnliv\u00fdm hern\u00edm pl\u00e1nem.","publisher":{"@id":"https:\/\/maiak.cz\/cz\/#organization"},"potentialAction":[{"@type":"SearchAction","target":{"@type":"EntryPoint","urlTemplate":"https:\/\/maiak.cz\/cz\/?s={search_term_string}"},"query-input":{"@type":"PropertyValueSpecification","valueRequired":true,"valueName":"search_term_string"}}],"inLanguage":"en-GB"},{"@type":"Organization","@id":"https:\/\/maiak.cz\/cz\/#organization","name":"MAiAK","url":"https:\/\/maiak.cz\/cz\/","logo":{"@type":"ImageObject","inLanguage":"en-GB","@id":"https:\/\/maiak.cz\/cz\/#\/schema\/logo\/image\/","url":"https:\/\/maiak.cz\/wp-content\/uploads\/2019\/04\/LOGO-web-HNEDE.png","contentUrl":"https:\/\/maiak.cz\/wp-content\/uploads\/2019\/04\/LOGO-web-HNEDE.png","width":820,"height":362,"caption":"MAiAK"},"image":{"@id":"https:\/\/maiak.cz\/cz\/#\/schema\/logo\/image\/"}}]}},"_links":{"self":[{"href":"https:\/\/maiak.cz\/en\/wp-json\/wp\/v2\/pages\/6","targetHints":{"allow":["GET"]}}],"collection":[{"href":"https:\/\/maiak.cz\/en\/wp-json\/wp\/v2\/pages"}],"about":[{"href":"https:\/\/maiak.cz\/en\/wp-json\/wp\/v2\/types\/page"}],"author":[{"embeddable":true,"href":"https:\/\/maiak.cz\/en\/wp-json\/wp\/v2\/users\/1"}],"replies":[{"embeddable":true,"href":"https:\/\/maiak.cz\/en\/wp-json\/wp\/v2\/comments?post=6"}],"version-history":[{"count":2,"href":"https:\/\/maiak.cz\/en\/wp-json\/wp\/v2\/pages\/6\/revisions"}],"predecessor-version":[{"id":1218,"href":"https:\/\/maiak.cz\/en\/wp-json\/wp\/v2\/pages\/6\/revisions\/1218"}],"wp:attachment":[{"href":"https:\/\/maiak.cz\/en\/wp-json\/wp\/v2\/media?parent=6"}],"curies":[{"name":"wp","href":"https:\/\/api.w.org\/{rel}","templated":true}]}}