{"id":10,"date":"2019-01-23T06:31:31","date_gmt":"2019-01-23T06:31:31","guid":{"rendered":"http:\/\/maiak.cz\/about-us\/"},"modified":"2021-02-17T22:26:24","modified_gmt":"2021-02-17T21:26:24","slug":"about-us","status":"publish","type":"page","link":"https:\/\/maiak.cz\/en\/about-us\/","title":{"rendered":"About Us"},"content":{"rendered":"<div data-elementor-type=\"wp-post\" data-elementor-id=\"10\" class=\"elementor elementor-10\">\n\t\t\t\t\t\t<div class=\"elementor-inner\">\n\t\t\t\t<div class=\"elementor-section-wrap\">\n\t\t\t\t\t\t\t\t\t<section class=\"elementor-section elementor-top-section elementor-element elementor-element-6ccdc95 elementor-section-content-middle elementor-section-height-min-height elementor-section-boxed elementor-section-height-default elementor-section-items-middle\" data-id=\"6ccdc95\" data-element_type=\"section\" data-settings=\"{&quot;background_background&quot;:&quot;classic&quot;}\">\n\t\t\t\t\t\t\t<div class=\"elementor-background-overlay\"><\/div>\n\t\t\t\t\t\t\t<div class=\"elementor-container elementor-column-gap-no\">\n\t\t\t\t\t\t\t<div class=\"elementor-row\">\n\t\t\t\t\t<div class=\"elementor-column elementor-col-100 elementor-top-column elementor-element elementor-element-4f6adc0\" data-id=\"4f6adc0\" data-element_type=\"column\">\n\t\t\t<div class=\"elementor-column-wrap\">\n\t\t\t\t\t\t\t<div class=\"elementor-widget-wrap\">\n\t\t\t\t\t\t\t\t<\/div>\n\t\t\t\t\t<\/div>\n\t\t<\/div>\n\t\t\t\t\t\t\t\t<\/div>\n\t\t\t\t\t<\/div>\n\t\t<\/section>\n\t\t\t\t<section class=\"elementor-section elementor-top-section elementor-element elementor-element-cd70060 elementor-section-boxed elementor-section-height-default elementor-section-height-default\" data-id=\"cd70060\" data-element_type=\"section\">\n\t\t\t\t\t\t<div class=\"elementor-container elementor-column-gap-default\">\n\t\t\t\t\t\t\t<div class=\"elementor-row\">\n\t\t\t\t\t<div class=\"elementor-column elementor-col-33 elementor-top-column elementor-element elementor-element-0e2c085\" data-id=\"0e2c085\" data-element_type=\"column\">\n\t\t\t<div class=\"elementor-column-wrap\">\n\t\t\t\t\t\t\t<div class=\"elementor-widget-wrap\">\n\t\t\t\t\t\t\t\t<\/div>\n\t\t\t\t\t<\/div>\n\t\t<\/div>\n\t\t\t\t<div class=\"elementor-column elementor-col-33 elementor-top-column elementor-element elementor-element-17ff85b\" data-id=\"17ff85b\" data-element_type=\"column\">\n\t\t\t<div class=\"elementor-column-wrap elementor-element-populated\">\n\t\t\t\t\t\t\t<div class=\"elementor-widget-wrap\">\n\t\t\t\t\t\t<div class=\"elementor-element elementor-element-2d22001 elementor-widget elementor-widget-image\" data-id=\"2d22001\" data-element_type=\"widget\" data-widget_type=\"image.default\">\n\t\t\t\t<div class=\"elementor-widget-container\">\n\t\t\t\t\t\t\t\t<div class=\"elementor-image\">\n\t\t\t\t\t\t\t\t\t\t\t\t<img loading=\"lazy\" decoding=\"async\" width=\"1024\" height=\"681\" src=\"https:\/\/maiak.cz\/wp-content\/uploads\/2020\/12\/DSC_2923copy-1024x681.jpg\" class=\"attachment-large size-large wp-image-257\" alt=\"\" srcset=\"https:\/\/maiak.cz\/wp-content\/uploads\/2020\/12\/DSC_2923copy-1024x681.jpg 1024w, https:\/\/maiak.cz\/wp-content\/uploads\/2020\/12\/DSC_2923copy-scaled-600x399.jpg 600w, https:\/\/maiak.cz\/wp-content\/uploads\/2020\/12\/DSC_2923copy-300x199.jpg 300w, https:\/\/maiak.cz\/wp-content\/uploads\/2020\/12\/DSC_2923copy-768x511.jpg 768w, https:\/\/maiak.cz\/wp-content\/uploads\/2020\/12\/DSC_2923copy-1536x1021.jpg 1536w, https:\/\/maiak.cz\/wp-content\/uploads\/2020\/12\/DSC_2923copy-2048x1362.jpg 2048w\" sizes=\"auto, (max-width: 1024px) 100vw, 1024px\" \/>\t\t\t\t\t\t\t\t\t\t\t\t\t\t<\/div>\n\t\t\t\t\t\t<\/div>\n\t\t\t\t<\/div>\n\t\t\t\t\t\t<\/div>\n\t\t\t\t\t<\/div>\n\t\t<\/div>\n\t\t\t\t<div class=\"elementor-column elementor-col-33 elementor-top-column elementor-element elementor-element-814b4db\" data-id=\"814b4db\" data-element_type=\"column\">\n\t\t\t<div class=\"elementor-column-wrap\">\n\t\t\t\t\t\t\t<div class=\"elementor-widget-wrap\">\n\t\t\t\t\t\t\t\t<\/div>\n\t\t\t\t\t<\/div>\n\t\t<\/div>\n\t\t\t\t\t\t\t\t<\/div>\n\t\t\t\t\t<\/div>\n\t\t<\/section>\n\t\t\t\t<section class=\"elementor-section elementor-top-section elementor-element elementor-element-4a5d220 elementor-section-boxed elementor-section-height-default elementor-section-height-default\" data-id=\"4a5d220\" data-element_type=\"section\">\n\t\t\t\t\t\t<div class=\"elementor-container elementor-column-gap-no\">\n\t\t\t\t\t\t\t<div class=\"elementor-row\">\n\t\t\t\t\t<div class=\"elementor-column elementor-col-33 elementor-top-column elementor-element elementor-element-737ec4c\" data-id=\"737ec4c\" data-element_type=\"column\">\n\t\t\t<div class=\"elementor-column-wrap elementor-element-populated\">\n\t\t\t\t\t\t\t<div class=\"elementor-widget-wrap\">\n\t\t\t\t\t\t<div class=\"elementor-element elementor-element-efb0e9a elementor-widget elementor-widget-heading\" data-id=\"efb0e9a\" data-element_type=\"widget\" data-widget_type=\"heading.default\">\n\t\t\t\t<div class=\"elementor-widget-container\">\n\t\t\t<h3 class=\"elementor-heading-title elementor-size-default\">About<\/h3>\t\t<\/div>\n\t\t\t\t<\/div>\n\t\t\t\t\t\t<\/div>\n\t\t\t\t\t<\/div>\n\t\t<\/div>\n\t\t\t\t<div class=\"elementor-column elementor-col-66 elementor-top-column elementor-element elementor-element-e6bc9af\" data-id=\"e6bc9af\" data-element_type=\"column\">\n\t\t\t<div class=\"elementor-column-wrap elementor-element-populated\">\n\t\t\t\t\t\t\t<div class=\"elementor-widget-wrap\">\n\t\t\t\t\t\t<div class=\"elementor-element elementor-element-8bf9f70 elementor-widget elementor-widget-text-editor\" data-id=\"8bf9f70\" data-element_type=\"widget\" data-widget_type=\"text-editor.default\">\n\t\t\t\t<div class=\"elementor-widget-container\">\n\t\t\t\t\t\t\t\t<div class=\"elementor-text-editor elementor-clearfix\">\n\t\t\t\t<p><strong>MAiAK<\/strong> is a brisk, strategic turn-based game for 2 players with a variable game board <strong>in an elegant design wooden box.<\/strong><\/p><p>Each player has five game stones (black vs. white) at the beginning of the game.<\/p><p>The goal of the game is to get one game piece to the opposite side of the game board before the opponent does. Sounds simple, but try it for yourself.<\/p><p>The bord game <strong>MAiAK<\/strong> uniquely combines the gaming principles of checkers, chess and pentago to create a whole new level of strategic thinking.<\/p><p><strong>MAiAK<\/strong> is simply for everyone.<\/p><p>It attracts both older players who have already played some games and younger players, even younger than 5 years. Older players will enjoy the charm of discovering different strategies, and the youngest players will use a rather elegant educational design to practice fine finger work and to recognize different shapes and colors.<\/p>\t\t\t\t\t<\/div>\n\t\t\t\t\t\t<\/div>\n\t\t\t\t<\/div>\n\t\t\t\t\t\t<\/div>\n\t\t\t\t\t<\/div>\n\t\t<\/div>\n\t\t\t\t\t\t\t\t<\/div>\n\t\t\t\t\t<\/div>\n\t\t<\/section>\n\t\t\t\t\t\t\t\t\t<\/div>\n\t\t\t<\/div>\n\t\t\t\t\t<\/div>","protected":false},"excerpt":{"rendered":"<p>O h\u0159e MAiAK je svi\u017en\u00e1, strategick\u00e1 tahov\u00e1 hra pro 2 hr\u00e1\u010de s prom\u011bnliv\u00fdm hern\u00edm pl\u00e1nem v elegantn\u00edm designov\u00e9m proveden\u00ed. Ka\u017ed\u00fd hr\u00e1\u010d disponuje na za\u010d\u00e1tku hry p\u011bti hern\u00edmi kameny (\u010dern\u00e9 vs. b\u00edl\u00e9). C\u00edlem hry je dostat jeden hern\u00ed k\u00e1men na prot\u011bj\u0161\u00ed stranu hern\u00edho pl\u00e1nu d\u0159\u00edve, ne\u017e tak u\u010din\u00ed soupe\u0159. Zn\u00ed to jednodu\u0161e, ale zkuste si to &hellip;<\/p>\n<p class=\"read-more\"> <a class=\"\" href=\"https:\/\/maiak.cz\/en\/about-us\/\"> <span class=\"screen-reader-text\">About Us<\/span> Read More &raquo;<\/a><\/p>","protected":false},"author":1,"featured_media":0,"parent":0,"menu_order":0,"comment_status":"closed","ping_status":"closed","template":"","meta":{"site-sidebar-layout":"no-sidebar","site-content-layout":"page-builder","ast-global-header-display":"","ast-main-header-display":"","ast-hfb-above-header-display":"","ast-hfb-below-header-display":"","ast-hfb-mobile-header-display":"","site-post-title":"disabled","ast-breadcrumbs-content":"","ast-featured-img":"disabled","footer-sml-layout":"","theme-transparent-header-meta":"enabled","adv-header-id-meta":"","stick-header-meta":"","header-above-stick-meta":"","header-main-stick-meta":"","header-below-stick-meta":"","footnotes":""},"class_list":["post-10","page","type-page","status-publish","hentry"],"yoast_head":"<!-- This site is optimized with the Yoast SEO plugin v25.7 - https:\/\/yoast.com\/wordpress\/plugins\/seo\/ -->\n<title>About Us - MAiAK<\/title>\n<meta name=\"description\" content=\"O h\u0159e MAiAK je svi\u017en\u00e1, strategick\u00e1 tahov\u00e1 hra pro 2 hr\u00e1\u010de s prom\u011bnliv\u00fdm hern\u00edm pl\u00e1nem v elegantn\u00edm designov\u00e9m proveden\u00ed. Ka\u017ed\u00fd hr\u00e1\u010d disponuje na za\u010d\u00e1tku hry p\u011bti hern\u00edmi kameny (\u010dern\u00e9 vs. b\u00edl\u00e9). C\u00edlem hry je dostat jeden hern\u00ed k\u00e1men na prot\u011bj\u0161\u00ed stranu hern\u00edho pl\u00e1nu d\u0159\u00edve, ne\u017e tak u\u010din\u00ed soupe\u0159. Zn\u00ed to jednodu\u0161e, ale zkuste si to &hellip;  About Us Read More &raquo;\" \/>\n<meta name=\"robots\" content=\"index, follow, max-snippet:-1, max-image-preview:large, max-video-preview:-1\" \/>\n<link rel=\"canonical\" href=\"https:\/\/maiak.cz\/en\/about-us\/\" \/>\n<meta property=\"og:locale\" content=\"en_GB\" \/>\n<meta property=\"og:type\" content=\"article\" \/>\n<meta property=\"og:title\" content=\"About Us - MAiAK\" \/>\n<meta property=\"og:description\" content=\"O h\u0159e MAiAK je svi\u017en\u00e1, strategick\u00e1 tahov\u00e1 hra pro 2 hr\u00e1\u010de s prom\u011bnliv\u00fdm hern\u00edm pl\u00e1nem v elegantn\u00edm designov\u00e9m proveden\u00ed. Ka\u017ed\u00fd hr\u00e1\u010d disponuje na za\u010d\u00e1tku hry p\u011bti hern\u00edmi kameny (\u010dern\u00e9 vs. b\u00edl\u00e9). C\u00edlem hry je dostat jeden hern\u00ed k\u00e1men na prot\u011bj\u0161\u00ed stranu hern\u00edho pl\u00e1nu d\u0159\u00edve, ne\u017e tak u\u010din\u00ed soupe\u0159. Zn\u00ed to jednodu\u0161e, ale zkuste si to &hellip; About Us Read More &raquo;\" \/>\n<meta property=\"og:url\" content=\"https:\/\/maiak.cz\/en\/about-us\/\" \/>\n<meta property=\"og:site_name\" content=\"MAiAK\" \/>\n<meta property=\"article:modified_time\" content=\"2021-02-17T21:26:24+00:00\" \/>\n<meta property=\"og:image\" content=\"http:\/\/maiak.cz\/wp-content\/uploads\/2020\/12\/DSC_2923copy-1024x681.jpg\" \/>\n<meta name=\"twitter:card\" content=\"summary_large_image\" \/>\n<meta name=\"twitter:label1\" content=\"Est. reading time\" \/>\n\t<meta name=\"twitter:data1\" content=\"1 minute\" \/>\n<script type=\"application\/ld+json\" class=\"yoast-schema-graph\">{\"@context\":\"https:\/\/schema.org\",\"@graph\":[{\"@type\":\"WebPage\",\"@id\":\"https:\/\/maiak.cz\/cz\/about-us\/\",\"url\":\"https:\/\/maiak.cz\/cz\/about-us\/\",\"name\":\"About Us - MAiAK\",\"isPartOf\":{\"@id\":\"https:\/\/maiak.cz\/cz\/#website\"},\"primaryImageOfPage\":{\"@id\":\"https:\/\/maiak.cz\/cz\/about-us\/#primaryimage\"},\"image\":{\"@id\":\"https:\/\/maiak.cz\/cz\/about-us\/#primaryimage\"},\"thumbnailUrl\":\"http:\/\/maiak.cz\/wp-content\/uploads\/2020\/12\/DSC_2923copy-1024x681.jpg\",\"datePublished\":\"2019-01-23T06:31:31+00:00\",\"dateModified\":\"2021-02-17T21:26:24+00:00\",\"breadcrumb\":{\"@id\":\"https:\/\/maiak.cz\/cz\/about-us\/#breadcrumb\"},\"inLanguage\":\"en-GB\",\"potentialAction\":[{\"@type\":\"ReadAction\",\"target\":[\"https:\/\/maiak.cz\/cz\/about-us\/\"]}]},{\"@type\":\"ImageObject\",\"inLanguage\":\"en-GB\",\"@id\":\"https:\/\/maiak.cz\/cz\/about-us\/#primaryimage\",\"url\":\"http:\/\/maiak.cz\/wp-content\/uploads\/2020\/12\/DSC_2923copy-1024x681.jpg\",\"contentUrl\":\"http:\/\/maiak.cz\/wp-content\/uploads\/2020\/12\/DSC_2923copy-1024x681.jpg\"},{\"@type\":\"BreadcrumbList\",\"@id\":\"https:\/\/maiak.cz\/cz\/about-us\/#breadcrumb\",\"itemListElement\":[{\"@type\":\"ListItem\",\"position\":1,\"name\":\"Home\",\"item\":\"https:\/\/maiak.cz\/cz\/\"},{\"@type\":\"ListItem\",\"position\":2,\"name\":\"About Us\"}]},{\"@type\":\"WebSite\",\"@id\":\"https:\/\/maiak.cz\/cz\/#website\",\"url\":\"https:\/\/maiak.cz\/cz\/\",\"name\":\"MAiAK\",\"description\":\"Maiak je tahov\u00e1 hra pro 2 hr\u00e1\u010de s prom\u011bnliv\u00fdm hern\u00edm pl\u00e1nem.\",\"publisher\":{\"@id\":\"https:\/\/maiak.cz\/cz\/#organization\"},\"potentialAction\":[{\"@type\":\"SearchAction\",\"target\":{\"@type\":\"EntryPoint\",\"urlTemplate\":\"https:\/\/maiak.cz\/cz\/?s={search_term_string}\"},\"query-input\":{\"@type\":\"PropertyValueSpecification\",\"valueRequired\":true,\"valueName\":\"search_term_string\"}}],\"inLanguage\":\"en-GB\"},{\"@type\":\"Organization\",\"@id\":\"https:\/\/maiak.cz\/cz\/#organization\",\"name\":\"MAiAK\",\"url\":\"https:\/\/maiak.cz\/cz\/\",\"logo\":{\"@type\":\"ImageObject\",\"inLanguage\":\"en-GB\",\"@id\":\"https:\/\/maiak.cz\/cz\/#\/schema\/logo\/image\/\",\"url\":\"https:\/\/maiak.cz\/wp-content\/uploads\/2019\/04\/LOGO-web-HNEDE.png\",\"contentUrl\":\"https:\/\/maiak.cz\/wp-content\/uploads\/2019\/04\/LOGO-web-HNEDE.png\",\"width\":820,\"height\":362,\"caption\":\"MAiAK\"},\"image\":{\"@id\":\"https:\/\/maiak.cz\/cz\/#\/schema\/logo\/image\/\"}}]}<\/script>\n<!-- \/ Yoast SEO plugin. -->","yoast_head_json":{"title":"About Us - MAiAK","description":"O h\u0159e MAiAK je svi\u017en\u00e1, strategick\u00e1 tahov\u00e1 hra pro 2 hr\u00e1\u010de s prom\u011bnliv\u00fdm hern\u00edm pl\u00e1nem v elegantn\u00edm designov\u00e9m proveden\u00ed. Ka\u017ed\u00fd hr\u00e1\u010d disponuje na za\u010d\u00e1tku hry p\u011bti hern\u00edmi kameny (\u010dern\u00e9 vs. b\u00edl\u00e9). C\u00edlem hry je dostat jeden hern\u00ed k\u00e1men na prot\u011bj\u0161\u00ed stranu hern\u00edho pl\u00e1nu d\u0159\u00edve, ne\u017e tak u\u010din\u00ed soupe\u0159. Zn\u00ed to jednodu\u0161e, ale zkuste si to &hellip;  About Us Read More &raquo;","robots":{"index":"index","follow":"follow","max-snippet":"max-snippet:-1","max-image-preview":"max-image-preview:large","max-video-preview":"max-video-preview:-1"},"canonical":"https:\/\/maiak.cz\/en\/about-us\/","og_locale":"en_GB","og_type":"article","og_title":"About Us - MAiAK","og_description":"O h\u0159e MAiAK je svi\u017en\u00e1, strategick\u00e1 tahov\u00e1 hra pro 2 hr\u00e1\u010de s prom\u011bnliv\u00fdm hern\u00edm pl\u00e1nem v elegantn\u00edm designov\u00e9m proveden\u00ed. Ka\u017ed\u00fd hr\u00e1\u010d disponuje na za\u010d\u00e1tku hry p\u011bti hern\u00edmi kameny (\u010dern\u00e9 vs. b\u00edl\u00e9). C\u00edlem hry je dostat jeden hern\u00ed k\u00e1men na prot\u011bj\u0161\u00ed stranu hern\u00edho pl\u00e1nu d\u0159\u00edve, ne\u017e tak u\u010din\u00ed soupe\u0159. Zn\u00ed to jednodu\u0161e, ale zkuste si to &hellip; About Us Read More &raquo;","og_url":"https:\/\/maiak.cz\/en\/about-us\/","og_site_name":"MAiAK","article_modified_time":"2021-02-17T21:26:24+00:00","og_image":[{"url":"http:\/\/maiak.cz\/wp-content\/uploads\/2020\/12\/DSC_2923copy-1024x681.jpg","type":"","width":"","height":""}],"twitter_card":"summary_large_image","twitter_misc":{"Est. reading time":"1 minute"},"schema":{"@context":"https:\/\/schema.org","@graph":[{"@type":"WebPage","@id":"https:\/\/maiak.cz\/cz\/about-us\/","url":"https:\/\/maiak.cz\/cz\/about-us\/","name":"About Us - MAiAK","isPartOf":{"@id":"https:\/\/maiak.cz\/cz\/#website"},"primaryImageOfPage":{"@id":"https:\/\/maiak.cz\/cz\/about-us\/#primaryimage"},"image":{"@id":"https:\/\/maiak.cz\/cz\/about-us\/#primaryimage"},"thumbnailUrl":"http:\/\/maiak.cz\/wp-content\/uploads\/2020\/12\/DSC_2923copy-1024x681.jpg","datePublished":"2019-01-23T06:31:31+00:00","dateModified":"2021-02-17T21:26:24+00:00","breadcrumb":{"@id":"https:\/\/maiak.cz\/cz\/about-us\/#breadcrumb"},"inLanguage":"en-GB","potentialAction":[{"@type":"ReadAction","target":["https:\/\/maiak.cz\/cz\/about-us\/"]}]},{"@type":"ImageObject","inLanguage":"en-GB","@id":"https:\/\/maiak.cz\/cz\/about-us\/#primaryimage","url":"http:\/\/maiak.cz\/wp-content\/uploads\/2020\/12\/DSC_2923copy-1024x681.jpg","contentUrl":"http:\/\/maiak.cz\/wp-content\/uploads\/2020\/12\/DSC_2923copy-1024x681.jpg"},{"@type":"BreadcrumbList","@id":"https:\/\/maiak.cz\/cz\/about-us\/#breadcrumb","itemListElement":[{"@type":"ListItem","position":1,"name":"Home","item":"https:\/\/maiak.cz\/cz\/"},{"@type":"ListItem","position":2,"name":"About Us"}]},{"@type":"WebSite","@id":"https:\/\/maiak.cz\/cz\/#website","url":"https:\/\/maiak.cz\/cz\/","name":"MAiAK","description":"Maiak je tahov\u00e1 hra pro 2 hr\u00e1\u010de s prom\u011bnliv\u00fdm hern\u00edm pl\u00e1nem.","publisher":{"@id":"https:\/\/maiak.cz\/cz\/#organization"},"potentialAction":[{"@type":"SearchAction","target":{"@type":"EntryPoint","urlTemplate":"https:\/\/maiak.cz\/cz\/?s={search_term_string}"},"query-input":{"@type":"PropertyValueSpecification","valueRequired":true,"valueName":"search_term_string"}}],"inLanguage":"en-GB"},{"@type":"Organization","@id":"https:\/\/maiak.cz\/cz\/#organization","name":"MAiAK","url":"https:\/\/maiak.cz\/cz\/","logo":{"@type":"ImageObject","inLanguage":"en-GB","@id":"https:\/\/maiak.cz\/cz\/#\/schema\/logo\/image\/","url":"https:\/\/maiak.cz\/wp-content\/uploads\/2019\/04\/LOGO-web-HNEDE.png","contentUrl":"https:\/\/maiak.cz\/wp-content\/uploads\/2019\/04\/LOGO-web-HNEDE.png","width":820,"height":362,"caption":"MAiAK"},"image":{"@id":"https:\/\/maiak.cz\/cz\/#\/schema\/logo\/image\/"}}]}},"_links":{"self":[{"href":"https:\/\/maiak.cz\/en\/wp-json\/wp\/v2\/pages\/10","targetHints":{"allow":["GET"]}}],"collection":[{"href":"https:\/\/maiak.cz\/en\/wp-json\/wp\/v2\/pages"}],"about":[{"href":"https:\/\/maiak.cz\/en\/wp-json\/wp\/v2\/types\/page"}],"author":[{"embeddable":true,"href":"https:\/\/maiak.cz\/en\/wp-json\/wp\/v2\/users\/1"}],"replies":[{"embeddable":true,"href":"https:\/\/maiak.cz\/en\/wp-json\/wp\/v2\/comments?post=10"}],"version-history":[{"count":18,"href":"https:\/\/maiak.cz\/en\/wp-json\/wp\/v2\/pages\/10\/revisions"}],"predecessor-version":[{"id":1257,"href":"https:\/\/maiak.cz\/en\/wp-json\/wp\/v2\/pages\/10\/revisions\/1257"}],"wp:attachment":[{"href":"https:\/\/maiak.cz\/en\/wp-json\/wp\/v2\/media?parent=10"}],"curies":[{"name":"wp","href":"https:\/\/api.w.org\/{rel}","templated":true}]}}