{"id":12,"date":"2019-01-23T06:32:08","date_gmt":"2019-01-23T06:32:08","guid":{"rendered":"http:\/\/maiak.cz\/contact-us\/"},"modified":"2021-02-21T22:48:26","modified_gmt":"2021-02-21T21:48:26","slug":"contact","status":"publish","type":"page","link":"https:\/\/maiak.cz\/cz\/contact\/","title":{"rendered":"Contact Us"},"content":{"rendered":"\t\t<div data-elementor-type=\"wp-post\" data-elementor-id=\"12\" class=\"elementor elementor-12\">\n\t\t\t\t\t\t<div class=\"elementor-inner\">\n\t\t\t\t<div class=\"elementor-section-wrap\">\n\t\t\t\t\t\t\t\t\t<section class=\"elementor-section elementor-top-section elementor-element elementor-element-9ff25fa elementor-section-content-middle elementor-section-boxed elementor-section-height-default elementor-section-height-default\" data-id=\"9ff25fa\" data-element_type=\"section\" data-settings=\"{&quot;background_background&quot;:&quot;classic&quot;}\">\n\t\t\t\t\t\t\t<div class=\"elementor-background-overlay\"><\/div>\n\t\t\t\t\t\t\t<div class=\"elementor-container elementor-column-gap-no\">\n\t\t\t\t\t\t\t<div class=\"elementor-row\">\n\t\t\t\t\t<div class=\"elementor-column elementor-col-100 elementor-top-column elementor-element elementor-element-aa2695b\" data-id=\"aa2695b\" data-element_type=\"column\">\n\t\t\t<div class=\"elementor-column-wrap\">\n\t\t\t\t\t\t\t<div class=\"elementor-widget-wrap\">\n\t\t\t\t\t\t\t\t<\/div>\n\t\t\t\t\t<\/div>\n\t\t<\/div>\n\t\t\t\t\t\t\t\t<\/div>\n\t\t\t\t\t<\/div>\n\t\t<\/section>\n\t\t\t\t<section class=\"elementor-section elementor-top-section elementor-element elementor-element-229e204 elementor-section-boxed elementor-section-height-default elementor-section-height-default\" data-id=\"229e204\" data-element_type=\"section\">\n\t\t\t\t\t\t<div class=\"elementor-container elementor-column-gap-default\">\n\t\t\t\t\t\t\t<div class=\"elementor-row\">\n\t\t\t\t\t<div class=\"elementor-column elementor-col-33 elementor-top-column elementor-element elementor-element-9a2637d\" data-id=\"9a2637d\" data-element_type=\"column\">\n\t\t\t<div class=\"elementor-column-wrap elementor-element-populated\">\n\t\t\t\t\t\t\t<div class=\"elementor-widget-wrap\">\n\t\t\t\t\t\t<div class=\"elementor-element elementor-element-b500a26 elementor-widget elementor-widget-spacer\" data-id=\"b500a26\" data-element_type=\"widget\" data-widget_type=\"spacer.default\">\n\t\t\t\t<div class=\"elementor-widget-container\">\n\t\t\t\t\t<div class=\"elementor-spacer\">\n\t\t\t<div class=\"elementor-spacer-inner\"><\/div>\n\t\t<\/div>\n\t\t\t\t<\/div>\n\t\t\t\t<\/div>\n\t\t\t\t\t\t<\/div>\n\t\t\t\t\t<\/div>\n\t\t<\/div>\n\t\t\t\t<div class=\"elementor-column elementor-col-33 elementor-top-column elementor-element elementor-element-bc8ed0c\" data-id=\"bc8ed0c\" data-element_type=\"column\">\n\t\t\t<div class=\"elementor-column-wrap elementor-element-populated\">\n\t\t\t\t\t\t\t<div class=\"elementor-widget-wrap\">\n\t\t\t\t\t\t<div class=\"elementor-element elementor-element-98f8f02 elementor-widget elementor-widget-image\" data-id=\"98f8f02\" data-element_type=\"widget\" data-widget_type=\"image.default\">\n\t\t\t\t<div class=\"elementor-widget-container\">\n\t\t\t\t\t\t\t\t<div class=\"elementor-image\">\n\t\t\t\t\t\t\t\t\t\t\t\t<img loading=\"lazy\" decoding=\"async\" width=\"1024\" height=\"681\" src=\"https:\/\/maiak.cz\/wp-content\/uploads\/2020\/12\/DSC_2923copy-1024x681.jpg\" class=\"attachment-large size-large wp-image-257\" alt=\"\" srcset=\"https:\/\/maiak.cz\/wp-content\/uploads\/2020\/12\/DSC_2923copy-1024x681.jpg 1024w, https:\/\/maiak.cz\/wp-content\/uploads\/2020\/12\/DSC_2923copy-scaled-600x399.jpg 600w, https:\/\/maiak.cz\/wp-content\/uploads\/2020\/12\/DSC_2923copy-300x199.jpg 300w, https:\/\/maiak.cz\/wp-content\/uploads\/2020\/12\/DSC_2923copy-768x511.jpg 768w, https:\/\/maiak.cz\/wp-content\/uploads\/2020\/12\/DSC_2923copy-1536x1021.jpg 1536w, https:\/\/maiak.cz\/wp-content\/uploads\/2020\/12\/DSC_2923copy-2048x1362.jpg 2048w\" sizes=\"auto, (max-width: 1024px) 100vw, 1024px\" \/>\t\t\t\t\t\t\t\t\t\t\t\t\t\t<\/div>\n\t\t\t\t\t\t<\/div>\n\t\t\t\t<\/div>\n\t\t\t\t<div class=\"elementor-element elementor-element-77f4b22 elementor-widget elementor-widget-spacer\" data-id=\"77f4b22\" data-element_type=\"widget\" data-widget_type=\"spacer.default\">\n\t\t\t\t<div class=\"elementor-widget-container\">\n\t\t\t\t\t<div class=\"elementor-spacer\">\n\t\t\t<div class=\"elementor-spacer-inner\"><\/div>\n\t\t<\/div>\n\t\t\t\t<\/div>\n\t\t\t\t<\/div>\n\t\t\t\t\t\t<\/div>\n\t\t\t\t\t<\/div>\n\t\t<\/div>\n\t\t\t\t<div class=\"elementor-column elementor-col-33 elementor-top-column elementor-element elementor-element-0fb9e96\" data-id=\"0fb9e96\" data-element_type=\"column\">\n\t\t\t<div class=\"elementor-column-wrap elementor-element-populated\">\n\t\t\t\t\t\t\t<div class=\"elementor-widget-wrap\">\n\t\t\t\t\t\t<div class=\"elementor-element elementor-element-e2c5463 elementor-widget elementor-widget-spacer\" data-id=\"e2c5463\" data-element_type=\"widget\" data-widget_type=\"spacer.default\">\n\t\t\t\t<div class=\"elementor-widget-container\">\n\t\t\t\t\t<div class=\"elementor-spacer\">\n\t\t\t<div class=\"elementor-spacer-inner\"><\/div>\n\t\t<\/div>\n\t\t\t\t<\/div>\n\t\t\t\t<\/div>\n\t\t\t\t\t\t<\/div>\n\t\t\t\t\t<\/div>\n\t\t<\/div>\n\t\t\t\t\t\t\t\t<\/div>\n\t\t\t\t\t<\/div>\n\t\t<\/section>\n\t\t\t\t<section class=\"elementor-section elementor-top-section elementor-element elementor-element-edb9cc7 elementor-section-boxed elementor-section-height-default elementor-section-height-default\" data-id=\"edb9cc7\" data-element_type=\"section\">\n\t\t\t\t\t\t<div class=\"elementor-container elementor-column-gap-default\">\n\t\t\t\t\t\t\t<div class=\"elementor-row\">\n\t\t\t\t\t<div class=\"elementor-column elementor-col-100 elementor-top-column elementor-element elementor-element-f3fb942\" data-id=\"f3fb942\" data-element_type=\"column\">\n\t\t\t<div class=\"elementor-column-wrap elementor-element-populated\">\n\t\t\t\t\t\t\t<div class=\"elementor-widget-wrap\">\n\t\t\t\t\t\t<div class=\"elementor-element elementor-element-eff2b35 elementor-widget elementor-widget-heading\" data-id=\"eff2b35\" data-element_type=\"widget\" data-widget_type=\"heading.default\">\n\t\t\t\t<div class=\"elementor-widget-container\">\n\t\t\t<h4 class=\"elementor-heading-title elementor-size-default\">info@maiak.cz<\/h4>\t\t<\/div>\n\t\t\t\t<\/div>\n\t\t\t\t<div class=\"elementor-element elementor-element-40755a3 elementor-widget elementor-widget-heading\" data-id=\"40755a3\" data-element_type=\"widget\" data-widget_type=\"heading.default\">\n\t\t\t\t<div class=\"elementor-widget-container\">\n\t\t\t<h4 class=\"elementor-heading-title elementor-size-default\">+420606821682<\/h4>\t\t<\/div>\n\t\t\t\t<\/div>\n\t\t\t\t<div class=\"elementor-element elementor-element-c242653 elementor-widget elementor-widget-spacer\" data-id=\"c242653\" data-element_type=\"widget\" data-widget_type=\"spacer.default\">\n\t\t\t\t<div class=\"elementor-widget-container\">\n\t\t\t\t\t<div class=\"elementor-spacer\">\n\t\t\t<div class=\"elementor-spacer-inner\"><\/div>\n\t\t<\/div>\n\t\t\t\t<\/div>\n\t\t\t\t<\/div>\n\t\t\t\t\t\t<\/div>\n\t\t\t\t\t<\/div>\n\t\t<\/div>\n\t\t\t\t\t\t\t\t<\/div>\n\t\t\t\t\t<\/div>\n\t\t<\/section>\n\t\t\t\t\t\t\t\t\t<\/div>\n\t\t\t<\/div>\n\t\t\t\t\t<\/div>\n\t\t","protected":false},"excerpt":{"rendered":"<p>info@maiak.cz +420606821682<\/p>\n","protected":false},"author":1,"featured_media":0,"parent":0,"menu_order":0,"comment_status":"closed","ping_status":"closed","template":"","meta":{"site-sidebar-layout":"no-sidebar","site-content-layout":"page-builder","ast-global-header-display":"","ast-main-header-display":"","ast-hfb-above-header-display":"","ast-hfb-below-header-display":"","ast-hfb-mobile-header-display":"","site-post-title":"disabled","ast-breadcrumbs-content":"","ast-featured-img":"disabled","footer-sml-layout":"","theme-transparent-header-meta":"enabled","adv-header-id-meta":"","stick-header-meta":"","header-above-stick-meta":"","header-main-stick-meta":"","header-below-stick-meta":"","footnotes":""},"class_list":["post-12","page","type-page","status-publish","hentry"],"yoast_head":"<!-- This site is optimized with the Yoast SEO plugin v25.7 - https:\/\/yoast.com\/wordpress\/plugins\/seo\/ -->\n<title>Contact Us - MAiAK<\/title>\n<meta name=\"robots\" content=\"index, follow, max-snippet:-1, max-image-preview:large, max-video-preview:-1\" \/>\n<link rel=\"canonical\" href=\"https:\/\/maiak.cz\/cz\/contact\/\" \/>\n<meta property=\"og:locale\" content=\"cs_CZ\" \/>\n<meta property=\"og:type\" content=\"article\" \/>\n<meta property=\"og:title\" content=\"Contact Us - MAiAK\" \/>\n<meta property=\"og:description\" content=\"info@maiak.cz +420606821682\" \/>\n<meta property=\"og:url\" content=\"https:\/\/maiak.cz\/cz\/contact\/\" \/>\n<meta property=\"og:site_name\" content=\"MAiAK\" \/>\n<meta property=\"article:modified_time\" content=\"2021-02-21T21:48:26+00:00\" \/>\n<meta property=\"og:image\" content=\"http:\/\/maiak.cz\/wp-content\/uploads\/2020\/12\/DSC_2923copy-1024x681.jpg\" \/>\n<meta name=\"twitter:card\" content=\"summary_large_image\" \/>\n<script type=\"application\/ld+json\" class=\"yoast-schema-graph\">{\"@context\":\"https:\/\/schema.org\",\"@graph\":[{\"@type\":\"WebPage\",\"@id\":\"https:\/\/maiak.cz\/cz\/contact\/\",\"url\":\"https:\/\/maiak.cz\/cz\/contact\/\",\"name\":\"Contact Us - MAiAK\",\"isPartOf\":{\"@id\":\"https:\/\/maiak.cz\/cz\/#website\"},\"primaryImageOfPage\":{\"@id\":\"https:\/\/maiak.cz\/cz\/contact\/#primaryimage\"},\"image\":{\"@id\":\"https:\/\/maiak.cz\/cz\/contact\/#primaryimage\"},\"thumbnailUrl\":\"http:\/\/maiak.cz\/wp-content\/uploads\/2020\/12\/DSC_2923copy-1024x681.jpg\",\"datePublished\":\"2019-01-23T06:32:08+00:00\",\"dateModified\":\"2021-02-21T21:48:26+00:00\",\"breadcrumb\":{\"@id\":\"https:\/\/maiak.cz\/cz\/contact\/#breadcrumb\"},\"inLanguage\":\"cs\",\"potentialAction\":[{\"@type\":\"ReadAction\",\"target\":[\"https:\/\/maiak.cz\/cz\/contact\/\"]}]},{\"@type\":\"ImageObject\",\"inLanguage\":\"cs\",\"@id\":\"https:\/\/maiak.cz\/cz\/contact\/#primaryimage\",\"url\":\"http:\/\/maiak.cz\/wp-content\/uploads\/2020\/12\/DSC_2923copy-1024x681.jpg\",\"contentUrl\":\"http:\/\/maiak.cz\/wp-content\/uploads\/2020\/12\/DSC_2923copy-1024x681.jpg\"},{\"@type\":\"BreadcrumbList\",\"@id\":\"https:\/\/maiak.cz\/cz\/contact\/#breadcrumb\",\"itemListElement\":[{\"@type\":\"ListItem\",\"position\":1,\"name\":\"Home\",\"item\":\"https:\/\/maiak.cz\/cz\/\"},{\"@type\":\"ListItem\",\"position\":2,\"name\":\"Contact Us\"}]},{\"@type\":\"WebSite\",\"@id\":\"https:\/\/maiak.cz\/cz\/#website\",\"url\":\"https:\/\/maiak.cz\/cz\/\",\"name\":\"MAiAK\",\"description\":\"Maiak je tahov\u00e1 hra pro 2 hr\u00e1\u010de s prom\u011bnliv\u00fdm hern\u00edm pl\u00e1nem.\",\"publisher\":{\"@id\":\"https:\/\/maiak.cz\/cz\/#organization\"},\"potentialAction\":[{\"@type\":\"SearchAction\",\"target\":{\"@type\":\"EntryPoint\",\"urlTemplate\":\"https:\/\/maiak.cz\/cz\/?s={search_term_string}\"},\"query-input\":{\"@type\":\"PropertyValueSpecification\",\"valueRequired\":true,\"valueName\":\"search_term_string\"}}],\"inLanguage\":\"cs\"},{\"@type\":\"Organization\",\"@id\":\"https:\/\/maiak.cz\/cz\/#organization\",\"name\":\"MAiAK\",\"url\":\"https:\/\/maiak.cz\/cz\/\",\"logo\":{\"@type\":\"ImageObject\",\"inLanguage\":\"cs\",\"@id\":\"https:\/\/maiak.cz\/cz\/#\/schema\/logo\/image\/\",\"url\":\"https:\/\/maiak.cz\/wp-content\/uploads\/2019\/04\/LOGO-web-HNEDE.png\",\"contentUrl\":\"https:\/\/maiak.cz\/wp-content\/uploads\/2019\/04\/LOGO-web-HNEDE.png\",\"width\":820,\"height\":362,\"caption\":\"MAiAK\"},\"image\":{\"@id\":\"https:\/\/maiak.cz\/cz\/#\/schema\/logo\/image\/\"}}]}<\/script>\n<!-- \/ Yoast SEO plugin. -->","yoast_head_json":{"title":"Contact Us - MAiAK","robots":{"index":"index","follow":"follow","max-snippet":"max-snippet:-1","max-image-preview":"max-image-preview:large","max-video-preview":"max-video-preview:-1"},"canonical":"https:\/\/maiak.cz\/cz\/contact\/","og_locale":"cs_CZ","og_type":"article","og_title":"Contact Us - MAiAK","og_description":"info@maiak.cz +420606821682","og_url":"https:\/\/maiak.cz\/cz\/contact\/","og_site_name":"MAiAK","article_modified_time":"2021-02-21T21:48:26+00:00","og_image":[{"url":"http:\/\/maiak.cz\/wp-content\/uploads\/2020\/12\/DSC_2923copy-1024x681.jpg","type":"","width":"","height":""}],"twitter_card":"summary_large_image","schema":{"@context":"https:\/\/schema.org","@graph":[{"@type":"WebPage","@id":"https:\/\/maiak.cz\/cz\/contact\/","url":"https:\/\/maiak.cz\/cz\/contact\/","name":"Contact Us - MAiAK","isPartOf":{"@id":"https:\/\/maiak.cz\/cz\/#website"},"primaryImageOfPage":{"@id":"https:\/\/maiak.cz\/cz\/contact\/#primaryimage"},"image":{"@id":"https:\/\/maiak.cz\/cz\/contact\/#primaryimage"},"thumbnailUrl":"http:\/\/maiak.cz\/wp-content\/uploads\/2020\/12\/DSC_2923copy-1024x681.jpg","datePublished":"2019-01-23T06:32:08+00:00","dateModified":"2021-02-21T21:48:26+00:00","breadcrumb":{"@id":"https:\/\/maiak.cz\/cz\/contact\/#breadcrumb"},"inLanguage":"cs","potentialAction":[{"@type":"ReadAction","target":["https:\/\/maiak.cz\/cz\/contact\/"]}]},{"@type":"ImageObject","inLanguage":"cs","@id":"https:\/\/maiak.cz\/cz\/contact\/#primaryimage","url":"http:\/\/maiak.cz\/wp-content\/uploads\/2020\/12\/DSC_2923copy-1024x681.jpg","contentUrl":"http:\/\/maiak.cz\/wp-content\/uploads\/2020\/12\/DSC_2923copy-1024x681.jpg"},{"@type":"BreadcrumbList","@id":"https:\/\/maiak.cz\/cz\/contact\/#breadcrumb","itemListElement":[{"@type":"ListItem","position":1,"name":"Home","item":"https:\/\/maiak.cz\/cz\/"},{"@type":"ListItem","position":2,"name":"Contact Us"}]},{"@type":"WebSite","@id":"https:\/\/maiak.cz\/cz\/#website","url":"https:\/\/maiak.cz\/cz\/","name":"MAiAK","description":"Maiak je tahov\u00e1 hra pro 2 hr\u00e1\u010de s prom\u011bnliv\u00fdm hern\u00edm pl\u00e1nem.","publisher":{"@id":"https:\/\/maiak.cz\/cz\/#organization"},"potentialAction":[{"@type":"SearchAction","target":{"@type":"EntryPoint","urlTemplate":"https:\/\/maiak.cz\/cz\/?s={search_term_string}"},"query-input":{"@type":"PropertyValueSpecification","valueRequired":true,"valueName":"search_term_string"}}],"inLanguage":"cs"},{"@type":"Organization","@id":"https:\/\/maiak.cz\/cz\/#organization","name":"MAiAK","url":"https:\/\/maiak.cz\/cz\/","logo":{"@type":"ImageObject","inLanguage":"cs","@id":"https:\/\/maiak.cz\/cz\/#\/schema\/logo\/image\/","url":"https:\/\/maiak.cz\/wp-content\/uploads\/2019\/04\/LOGO-web-HNEDE.png","contentUrl":"https:\/\/maiak.cz\/wp-content\/uploads\/2019\/04\/LOGO-web-HNEDE.png","width":820,"height":362,"caption":"MAiAK"},"image":{"@id":"https:\/\/maiak.cz\/cz\/#\/schema\/logo\/image\/"}}]}},"_links":{"self":[{"href":"https:\/\/maiak.cz\/cz\/wp-json\/wp\/v2\/pages\/12","targetHints":{"allow":["GET"]}}],"collection":[{"href":"https:\/\/maiak.cz\/cz\/wp-json\/wp\/v2\/pages"}],"about":[{"href":"https:\/\/maiak.cz\/cz\/wp-json\/wp\/v2\/types\/page"}],"author":[{"embeddable":true,"href":"https:\/\/maiak.cz\/cz\/wp-json\/wp\/v2\/users\/1"}],"replies":[{"embeddable":true,"href":"https:\/\/maiak.cz\/cz\/wp-json\/wp\/v2\/comments?post=12"}],"version-history":[{"count":22,"href":"https:\/\/maiak.cz\/cz\/wp-json\/wp\/v2\/pages\/12\/revisions"}],"predecessor-version":[{"id":1365,"href":"https:\/\/maiak.cz\/cz\/wp-json\/wp\/v2\/pages\/12\/revisions\/1365"}],"wp:attachment":[{"href":"https:\/\/maiak.cz\/cz\/wp-json\/wp\/v2\/media?parent=12"}],"curies":[{"name":"wp","href":"https:\/\/api.w.org\/{rel}","templated":true}]}}